{"id":2336,"date":"2025-11-12T15:33:16","date_gmt":"2025-11-12T13:33:16","guid":{"rendered":"https:\/\/kiehkura.fi\/?page_id=2336"},"modified":"2025-11-18T15:23:36","modified_gmt":"2025-11-18T13:23:36","slug":"kestavakasvukiertotaloudella","status":"publish","type":"page","link":"https:\/\/kiehkura.fi\/en\/kestavakasvukiertotaloudella\/","title":{"rendered":"Sustainable growth with circular economy"},"content":{"rendered":"<div data-elementor-type=\"wp-page\" data-elementor-id=\"2336\" class=\"elementor elementor-2336\" data-elementor-post-type=\"page\">\n\t\t\t\t<div class=\"elementor-element elementor-element-4167573d e-flex e-con-boxed wpr-particle-no wpr-jarallax-no wpr-parallax-no wpr-sticky-section-no e-con e-parent\" data-id=\"4167573d\" data-element_type=\"container\" data-settings=\"{&quot;background_background&quot;:&quot;classic&quot;}\">\n\t\t\t\t\t<div class=\"e-con-inner\">\n\t\t\t\t<div class=\"elementor-element elementor-element-30865be4 elementor-widget elementor-widget-heading\" data-id=\"30865be4\" data-element_type=\"widget\" data-widget_type=\"heading.default\">\n\t\t\t\t<div class=\"elementor-widget-container\">\n\t\t\t\t\t<h2 class=\"elementor-heading-title elementor-size-default\">Kest\u00e4v\u00e4 kasvu kiertotaloudella: ty\u00f6pajasarja vuonna 2026 kone- ja laitetoimialan yrityksille sek\u00e4 hankintayksik\u00f6ille<\/h2>\t\t\t\t<\/div>\n\t\t\t\t<\/div>\n\t\t\t\t<div class=\"elementor-element elementor-element-522ea344 elementor-widget__width-inherit elementor-widget-mobile__width-inherit elementor-widget elementor-widget-text-editor\" data-id=\"522ea344\" data-element_type=\"widget\" data-widget_type=\"text-editor.default\">\n\t\t\t\t<div class=\"elementor-widget-container\">\n\t\t\t\t\t\t\t\t\t<p>Nyt on aika tarttua julkisten hankintojen tulevaisuuteen \u2013 tule mukaan rakentamaan kest\u00e4v\u00e4\u00e4 kasvua ja kiertotalouden mukaisia hankintoja yhdess\u00e4 kone- ja laitetoimialan edell\u00e4k\u00e4vij\u00f6iden kanssa!<\/p><p>Kest\u00e4v\u00e4 kasvu kiertotaloudella -ty\u00f6pajasarja tarjoaa yrityksille ja hankintayksik\u00f6ille mahdollisuuden kehitt\u00e4\u00e4 kiertotalousvalmiuksiaan, vahvistaa strategista johtamista ja innovoida uusia ratkaisuja muuttuville markkinoille.<\/p><p>Ty\u00f6pajasarjassa:<\/p><ul><li>syvennyt\u00e4\u00e4n kiertotalouden mukaisiin tuote- ja palveluyhdistelmiin<\/li><li>kartoitetaan nykyisi\u00e4 vaihtoehtoja ja suunnitellaan yhdess\u00e4 uusia toimintamalleja, jotka tuottavat lis\u00e4arvoa hankintayksik\u00f6ille, tarjoajille ja muille sidosryhmille.<\/li><\/ul><p><br \/>Kest\u00e4v\u00e4 kasvu kiertotaloudella -ty\u00f6pajasarja jakaantuu kahteen osaan. Ensimm\u00e4inen osa keskittyy kiertotalousosaamisen vahvistamiseen ja toinen osa tulevaisuuden yhteisen toimintaymp\u00e4rist\u00f6n muotoilemiseen. Osallistuminen on maksutonta.<\/p>\t\t\t\t\t\t\t\t<\/div>\n\t\t\t\t<\/div>\n\t\t\t\t\t<\/div>\n\t\t\t\t<\/div>\n\t\t<div class=\"elementor-element elementor-element-4819907 e-flex e-con-boxed wpr-particle-no wpr-jarallax-no wpr-parallax-no wpr-sticky-section-no e-con e-parent\" data-id=\"4819907\" data-element_type=\"container\" data-settings=\"{&quot;background_background&quot;:&quot;classic&quot;}\">\n\t\t\t\t\t<div class=\"e-con-inner\">\n\t\t\t\t<div class=\"elementor-element elementor-element-a02c9f3 elementor-widget elementor-widget-heading\" data-id=\"a02c9f3\" data-element_type=\"widget\" data-widget_type=\"heading.default\">\n\t\t\t\t<div class=\"elementor-widget-container\">\n\t\t\t\t\t<h3 class=\"elementor-heading-title elementor-size-default\">Kiertotalousvalmiudet vahvaksi \u2013 kolme valmentavaa ty\u00f6pajaa yrityksille ja hankintayksik\u00f6ille<\/h3>\t\t\t\t<\/div>\n\t\t\t\t<\/div>\n\t\t\t\t<div class=\"elementor-element elementor-element-5ea7f7b elementor-widget__width-inherit elementor-widget-mobile__width-inherit elementor-widget elementor-widget-text-editor\" data-id=\"5ea7f7b\" data-element_type=\"widget\" data-widget_type=\"text-editor.default\">\n\t\t\t\t<div class=\"elementor-widget-container\">\n\t\t\t\t\t\t\t\t\t<p>Tavoitteena on lis\u00e4t\u00e4 osallistuvien yritysten ja hankintayksik\u00f6iden kiertotalousosaamista, antaa valmiuksia toteuttaa ja suunnitella laite- ja konehankintoja nykyiset ja tulevaisuuden tarpeet huomioiden.<\/p><ul><li>Toteutukset 11.2., 26.3. ja 21.5.2026*<\/li><li>Livetapaamispaikat Vantaa, Turku ja Jyv\u00e4skyl\u00e4*<\/li><\/ul><p>*Muutokset mahdollisia<\/p><p>Lis\u00e4tietoja ja ilmoittautuminen <a href=\"https:\/\/kiehkura.fi\/en\/kiertotalousvalmiudetvahvaksi\/\">Kiertotalousvalmiudet vahvaksi -sivulta.<\/a><\/p>\t\t\t\t\t\t\t\t<\/div>\n\t\t\t\t<\/div>\n\t\t\t\t<div class=\"elementor-element elementor-element-999547c elementor-widget elementor-widget-button\" data-id=\"999547c\" data-element_type=\"widget\" data-widget_type=\"button.default\">\n\t\t\t\t<div class=\"elementor-widget-container\">\n\t\t\t\t\t\t\t\t\t<div class=\"elementor-button-wrapper\">\n\t\t\t\t\t<a class=\"elementor-button elementor-button-link elementor-size-sm\" href=\"https:\/\/kiehkura.fi\/en\/kiertotalousvalmiudetvahvaksi\/\">\n\t\t\t\t\t\t<span class=\"elementor-button-content-wrapper\">\n\t\t\t\t\t\t\t\t\t<span class=\"elementor-button-text\">Lue lis\u00e4\u00e4!<\/span>\n\t\t\t\t\t<\/span>\n\t\t\t\t\t<\/a>\n\t\t\t\t<\/div>\n\t\t\t\t\t\t\t\t<\/div>\n\t\t\t\t<\/div>\n\t\t\t\t\t<\/div>\n\t\t\t\t<\/div>\n\t\t<div class=\"elementor-element elementor-element-f32e0ca e-flex e-con-boxed wpr-particle-no wpr-jarallax-no wpr-parallax-no wpr-sticky-section-no e-con e-parent\" data-id=\"f32e0ca\" data-element_type=\"container\" data-settings=\"{&quot;background_background&quot;:&quot;classic&quot;}\">\n\t\t\t\t\t<div class=\"e-con-inner\">\n\t\t\t\t<div class=\"elementor-element elementor-element-1bbd64e elementor-widget elementor-widget-heading\" data-id=\"1bbd64e\" data-element_type=\"widget\" data-widget_type=\"heading.default\">\n\t\t\t\t<div class=\"elementor-widget-container\">\n\t\t\t\t\t<h3 class=\"elementor-heading-title elementor-size-default\">Kohti kiertotalouden mukaisia koneiden ja laitteiden markkinoita \u2013 avoimet yhteiskehitt\u00e4misen tilaisuudet syksyll\u00e4 2026<\/h3>\t\t\t\t<\/div>\n\t\t\t\t<\/div>\n\t\t\t\t<div class=\"elementor-element elementor-element-7776d30 elementor-widget__width-inherit elementor-widget-mobile__width-inherit elementor-widget elementor-widget-text-editor\" data-id=\"7776d30\" data-element_type=\"widget\" data-widget_type=\"text-editor.default\">\n\t\t\t\t<div class=\"elementor-widget-container\">\n\t\t\t\t\t\t\t\t\t<p>Tavoitteena on yhdess\u00e4 ideoida tulevaisuuden kone- ja laitemarkkinoiden hankintoja, tuotekehityst\u00e4 ja rakentaa polkua kohti kiertotalouden mukaisia julkisia hankintoja. Ty\u00f6pajat on tarkoitettu monipuolisesti kiertotalouden ja kest\u00e4v\u00e4n kehityksen asiantuntijoille sek\u00e4 kone- ja laitetoimialan yrityksille ja hankintayksik\u00f6ille.<\/p><p>Yhteiskehitt\u00e4misen tilaisuuksien tuloksia hy\u00f6dynnet\u00e4\u00e4n tulevien kansallisten kiertotaloushankintakriteerien m\u00e4\u00e4rittelyss\u00e4.<\/p><ul><li>Toteutukset 3.9.2026 (verkossa) ja 3.11.2026 (paikka tarkentuu my\u00f6hemmin).<\/li><\/ul><p><br \/>Lis\u00e4tietoja ja ilmoittautuminen kev\u00e4\u00e4ll\u00e4 2026.<\/p><p>Osallistuminen ei edellyt\u00e4 kiertotalousosaamista \u2013 mukaan voi tulla oppimaan ja kehitt\u00e4m\u00e4\u00e4n omaa ymm\u00e4rryst\u00e4. Kiertotalous ei ole vain ymp\u00e4rist\u00f6teko, vaan my\u00f6s strateginen etu.<\/p><p>Kest\u00e4v\u00e4 kasvu kiertotaloudella -ty\u00f6pajasarja toteutetaan osana KIEHKURA-hanketta, jonka tavoitteena on edist\u00e4\u00e4 kone- ja laitealan siirtym\u00e4\u00e4 kiertotalouteen. Hankkeessa kehitet\u00e4\u00e4n ja pilotoidaan kiertotalouden mukaisia hankinta- ja liiketoimintamalleja sek\u00e4 edistet\u00e4\u00e4n yritysten ja hankintayksik\u00f6iden osaamista ja yhteisty\u00f6t\u00e4.<\/p>\t\t\t\t\t\t\t\t<\/div>\n\t\t\t\t<\/div>\n\t\t\t\t\t<\/div>\n\t\t\t\t<\/div>\n\t\t\t\t<\/div>","protected":false},"excerpt":{"rendered":"<p>Kest\u00e4v\u00e4 kasvu kiertotaloudella: ty\u00f6pajasarja vuonna 2026 kone- ja laitetoimialan yrityksille sek\u00e4 hankintayksik\u00f6ille Nyt on aika tarttua julkisten hankintojen tulevaisuuteen \u2013 tule mukaan rakentamaan kest\u00e4v\u00e4\u00e4 kasvua ja kiertotalouden mukaisia hankintoja yhdess\u00e4 kone- ja laitetoimialan edell\u00e4k\u00e4vij\u00f6iden kanssa! Kest\u00e4v\u00e4 kasvu kiertotaloudella -ty\u00f6pajasarja tarjoaa yrityksille ja hankintayksik\u00f6ille mahdollisuuden kehitt\u00e4\u00e4 kiertotalousvalmiuksiaan, vahvistaa strategista johtamista ja innovoida uusia ratkaisuja muuttuville markkinoille. Ty\u00f6pajasarjassa: syvennyt\u00e4\u00e4n kiertotalouden mukaisiin tuote- ja palveluyhdistelmiin kartoitetaan nykyisi\u00e4 vaihtoehtoja ja suunnitellaan yhdess\u00e4 uusia toimintamalleja, jotka tuottavat lis\u00e4arvoa hankintayksik\u00f6ille, tarjoajille ja muille sidosryhmille. Kest\u00e4v\u00e4 kasvu kiertotaloudella -ty\u00f6pajasarja jakaantuu kahteen osaan. Ensimm\u00e4inen osa keskittyy kiertotalousosaamisen vahvistamiseen ja toinen osa tulevaisuuden yhteisen toimintaymp\u00e4rist\u00f6n muotoilemiseen. Osallistuminen on maksutonta. Kiertotalousvalmiudet vahvaksi \u2013 kolme valmentavaa ty\u00f6pajaa yrityksille ja hankintayksik\u00f6ille Tavoitteena on lis\u00e4t\u00e4 osallistuvien yritysten ja hankintayksik\u00f6iden kiertotalousosaamista, antaa valmiuksia toteuttaa ja suunnitella laite- ja konehankintoja nykyiset ja tulevaisuuden tarpeet huomioiden. Toteutukset 11.2., 26.3. ja 21.5.2026* Livetapaamispaikat Vantaa, Turku ja Jyv\u00e4skyl\u00e4* *Muutokset mahdollisia Lis\u00e4tietoja ja ilmoittautuminen Kiertotalousvalmiudet vahvaksi -sivulta. Lue lis\u00e4\u00e4! Kohti kiertotalouden mukaisia koneiden ja laitteiden markkinoita \u2013 avoimet yhteiskehitt\u00e4misen tilaisuudet syksyll\u00e4 2026 Tavoitteena on yhdess\u00e4 ideoida tulevaisuuden kone- ja laitemarkkinoiden hankintoja, tuotekehityst\u00e4 ja rakentaa polkua kohti kiertotalouden mukaisia julkisia hankintoja. Ty\u00f6pajat on tarkoitettu monipuolisesti kiertotalouden ja kest\u00e4v\u00e4n kehityksen asiantuntijoille sek\u00e4 kone- ja laitetoimialan yrityksille ja hankintayksik\u00f6ille. Yhteiskehitt\u00e4misen tilaisuuksien tuloksia hy\u00f6dynnet\u00e4\u00e4n tulevien kansallisten kiertotaloushankintakriteerien m\u00e4\u00e4rittelyss\u00e4. Toteutukset 3.9.2026 (verkossa) ja 3.11.2026 (paikka tarkentuu my\u00f6hemmin). Lis\u00e4tietoja ja ilmoittautuminen kev\u00e4\u00e4ll\u00e4 2026. Osallistuminen ei edellyt\u00e4 kiertotalousosaamista \u2013 mukaan voi tulla oppimaan ja kehitt\u00e4m\u00e4\u00e4n omaa ymm\u00e4rryst\u00e4. Kiertotalous ei ole vain ymp\u00e4rist\u00f6teko, vaan my\u00f6s strateginen etu. Kest\u00e4v\u00e4 kasvu kiertotaloudella -ty\u00f6pajasarja toteutetaan osana KIEHKURA-hanketta, jonka tavoitteena on edist\u00e4\u00e4 kone- ja laitealan siirtym\u00e4\u00e4 kiertotalouteen. Hankkeessa kehitet\u00e4\u00e4n ja pilotoidaan kiertotalouden mukaisia hankinta- ja liiketoimintamalleja sek\u00e4 edistet\u00e4\u00e4n yritysten ja hankintayksik\u00f6iden osaamista ja yhteisty\u00f6t\u00e4.<\/p>","protected":false},"author":3,"featured_media":0,"parent":0,"menu_order":0,"comment_status":"closed","ping_status":"closed","template":"","meta":{"_acf_changed":false,"footnotes":""},"class_list":["post-2336","page","type-page","status-publish","hentry"],"acf":[],"yoast_head":"<!-- This site is optimized with the Yoast SEO plugin v27.4 - https:\/\/yoast.com\/product\/yoast-seo-wordpress\/ -->\n<title>Kest\u00e4v\u00e4 kasvu kiertotaloudella - KIEHKURA<\/title>\n<meta name=\"robots\" content=\"index, follow, max-snippet:-1, max-image-preview:large, max-video-preview:-1\" \/>\n<link rel=\"canonical\" href=\"https:\/\/kiehkura.fi\/en\/kestavakasvukiertotaloudella\/\" \/>\n<meta property=\"og:locale\" content=\"en_GB\" \/>\n<meta property=\"og:type\" content=\"article\" \/>\n<meta property=\"og:title\" content=\"Kest\u00e4v\u00e4 kasvu kiertotaloudella - KIEHKURA\" \/>\n<meta property=\"og:description\" content=\"Kest\u00e4v\u00e4 kasvu kiertotaloudella: ty\u00f6pajasarja vuonna 2026 kone- ja laitetoimialan yrityksille sek\u00e4 hankintayksik\u00f6ille Nyt on aika tarttua julkisten hankintojen tulevaisuuteen \u2013 tule mukaan rakentamaan kest\u00e4v\u00e4\u00e4 kasvua ja kiertotalouden mukaisia hankintoja yhdess\u00e4 kone- ja laitetoimialan edell\u00e4k\u00e4vij\u00f6iden kanssa! Kest\u00e4v\u00e4 kasvu kiertotaloudella -ty\u00f6pajasarja tarjoaa yrityksille ja hankintayksik\u00f6ille mahdollisuuden kehitt\u00e4\u00e4 kiertotalousvalmiuksiaan, vahvistaa strategista johtamista ja innovoida uusia ratkaisuja muuttuville markkinoille. Ty\u00f6pajasarjassa: syvennyt\u00e4\u00e4n kiertotalouden mukaisiin tuote- ja palveluyhdistelmiin kartoitetaan nykyisi\u00e4 vaihtoehtoja ja suunnitellaan yhdess\u00e4 uusia toimintamalleja, jotka tuottavat lis\u00e4arvoa hankintayksik\u00f6ille, tarjoajille ja muille sidosryhmille. Kest\u00e4v\u00e4 kasvu kiertotaloudella -ty\u00f6pajasarja jakaantuu kahteen osaan. Ensimm\u00e4inen osa keskittyy kiertotalousosaamisen vahvistamiseen ja toinen osa tulevaisuuden yhteisen toimintaymp\u00e4rist\u00f6n muotoilemiseen. Osallistuminen on maksutonta. Kiertotalousvalmiudet vahvaksi \u2013 kolme valmentavaa ty\u00f6pajaa yrityksille ja hankintayksik\u00f6ille Tavoitteena on lis\u00e4t\u00e4 osallistuvien yritysten ja hankintayksik\u00f6iden kiertotalousosaamista, antaa valmiuksia toteuttaa ja suunnitella laite- ja konehankintoja nykyiset ja tulevaisuuden tarpeet huomioiden. Toteutukset 11.2., 26.3. ja 21.5.2026* Livetapaamispaikat Vantaa, Turku ja Jyv\u00e4skyl\u00e4* *Muutokset mahdollisia Lis\u00e4tietoja ja ilmoittautuminen Kiertotalousvalmiudet vahvaksi -sivulta. Lue lis\u00e4\u00e4! Kohti kiertotalouden mukaisia koneiden ja laitteiden markkinoita \u2013 avoimet yhteiskehitt\u00e4misen tilaisuudet syksyll\u00e4 2026 Tavoitteena on yhdess\u00e4 ideoida tulevaisuuden kone- ja laitemarkkinoiden hankintoja, tuotekehityst\u00e4 ja rakentaa polkua kohti kiertotalouden mukaisia julkisia hankintoja. Ty\u00f6pajat on tarkoitettu monipuolisesti kiertotalouden ja kest\u00e4v\u00e4n kehityksen asiantuntijoille sek\u00e4 kone- ja laitetoimialan yrityksille ja hankintayksik\u00f6ille. Yhteiskehitt\u00e4misen tilaisuuksien tuloksia hy\u00f6dynnet\u00e4\u00e4n tulevien kansallisten kiertotaloushankintakriteerien m\u00e4\u00e4rittelyss\u00e4. Toteutukset 3.9.2026 (verkossa) ja 3.11.2026 (paikka tarkentuu my\u00f6hemmin). Lis\u00e4tietoja ja ilmoittautuminen kev\u00e4\u00e4ll\u00e4 2026. Osallistuminen ei edellyt\u00e4 kiertotalousosaamista \u2013 mukaan voi tulla oppimaan ja kehitt\u00e4m\u00e4\u00e4n omaa ymm\u00e4rryst\u00e4. Kiertotalous ei ole vain ymp\u00e4rist\u00f6teko, vaan my\u00f6s strateginen etu. Kest\u00e4v\u00e4 kasvu kiertotaloudella -ty\u00f6pajasarja toteutetaan osana KIEHKURA-hanketta, jonka tavoitteena on edist\u00e4\u00e4 kone- ja laitealan siirtym\u00e4\u00e4 kiertotalouteen. Hankkeessa kehitet\u00e4\u00e4n ja pilotoidaan kiertotalouden mukaisia hankinta- ja liiketoimintamalleja sek\u00e4 edistet\u00e4\u00e4n yritysten ja hankintayksik\u00f6iden osaamista ja yhteisty\u00f6t\u00e4.\" \/>\n<meta property=\"og:url\" content=\"https:\/\/kiehkura.fi\/en\/kestavakasvukiertotaloudella\/\" \/>\n<meta property=\"og:site_name\" content=\"KIEHKURA\" \/>\n<meta property=\"article:modified_time\" content=\"2025-11-18T13:23:36+00:00\" \/>\n<meta name=\"twitter:card\" content=\"summary_large_image\" \/>\n<meta name=\"twitter:label1\" content=\"Estimated reading time\" \/>\n\t<meta name=\"twitter:data1\" content=\"2 minutes\" \/>\n<script type=\"application\/ld+json\" class=\"yoast-schema-graph\">{\"@context\":\"https:\\\/\\\/schema.org\",\"@graph\":[{\"@type\":\"WebPage\",\"@id\":\"https:\\\/\\\/kiehkura.fi\\\/kestavakasvukiertotaloudella\\\/\",\"url\":\"https:\\\/\\\/kiehkura.fi\\\/kestavakasvukiertotaloudella\\\/\",\"name\":\"Kest\u00e4v\u00e4 kasvu kiertotaloudella - KIEHKURA\",\"isPartOf\":{\"@id\":\"https:\\\/\\\/kiehkura.fi\\\/#website\"},\"datePublished\":\"2025-11-12T13:33:16+00:00\",\"dateModified\":\"2025-11-18T13:23:36+00:00\",\"breadcrumb\":{\"@id\":\"https:\\\/\\\/kiehkura.fi\\\/kestavakasvukiertotaloudella\\\/#breadcrumb\"},\"inLanguage\":\"en-GB\",\"potentialAction\":[{\"@type\":\"ReadAction\",\"target\":[\"https:\\\/\\\/kiehkura.fi\\\/kestavakasvukiertotaloudella\\\/\"]}]},{\"@type\":\"BreadcrumbList\",\"@id\":\"https:\\\/\\\/kiehkura.fi\\\/kestavakasvukiertotaloudella\\\/#breadcrumb\",\"itemListElement\":[{\"@type\":\"ListItem\",\"position\":1,\"name\":\"Etusivu\",\"item\":\"https:\\\/\\\/kiehkura.fi\\\/\"},{\"@type\":\"ListItem\",\"position\":2,\"name\":\"Kest\u00e4v\u00e4 kasvu kiertotaloudella\"}]},{\"@type\":\"WebSite\",\"@id\":\"https:\\\/\\\/kiehkura.fi\\\/#website\",\"url\":\"https:\\\/\\\/kiehkura.fi\\\/\",\"name\":\"KIEHKURA\",\"description\":\"KIEHKURA \u2013 Julkiset hankinnat kest\u00e4v\u00e4n tuotekehityksen ja kiertotalousmarkkinoiden ajurina\",\"publisher\":{\"@id\":\"https:\\\/\\\/kiehkura.fi\\\/#organization\"},\"potentialAction\":[{\"@type\":\"SearchAction\",\"target\":{\"@type\":\"EntryPoint\",\"urlTemplate\":\"https:\\\/\\\/kiehkura.fi\\\/?s={search_term_string}\"},\"query-input\":{\"@type\":\"PropertyValueSpecification\",\"valueRequired\":true,\"valueName\":\"search_term_string\"}}],\"inLanguage\":\"en-GB\"},{\"@type\":\"Organization\",\"@id\":\"https:\\\/\\\/kiehkura.fi\\\/#organization\",\"name\":\"KIEHKURA\",\"url\":\"https:\\\/\\\/kiehkura.fi\\\/\",\"logo\":{\"@type\":\"ImageObject\",\"inLanguage\":\"en-GB\",\"@id\":\"https:\\\/\\\/kiehkura.fi\\\/#\\\/schema\\\/logo\\\/image\\\/\",\"url\":\"https:\\\/\\\/kiehkura.fi\\\/wp-content\\\/uploads\\\/2025\\\/05\\\/250822_Kiehkura_logo_tumma-scaled.png\",\"contentUrl\":\"https:\\\/\\\/kiehkura.fi\\\/wp-content\\\/uploads\\\/2025\\\/05\\\/250822_Kiehkura_logo_tumma-scaled.png\",\"width\":2560,\"height\":512,\"caption\":\"KIEHKURA\"},\"image\":{\"@id\":\"https:\\\/\\\/kiehkura.fi\\\/#\\\/schema\\\/logo\\\/image\\\/\"}}]}<\/script>\n<!-- \/ Yoast SEO plugin. -->","yoast_head_json":{"title":"Kest\u00e4v\u00e4 kasvu kiertotaloudella - KIEHKURA","robots":{"index":"index","follow":"follow","max-snippet":"max-snippet:-1","max-image-preview":"max-image-preview:large","max-video-preview":"max-video-preview:-1"},"canonical":"https:\/\/kiehkura.fi\/en\/kestavakasvukiertotaloudella\/","og_locale":"en_GB","og_type":"article","og_title":"Kest\u00e4v\u00e4 kasvu kiertotaloudella - KIEHKURA","og_description":"Kest\u00e4v\u00e4 kasvu kiertotaloudella: ty\u00f6pajasarja vuonna 2026 kone- ja laitetoimialan yrityksille sek\u00e4 hankintayksik\u00f6ille Nyt on aika tarttua julkisten hankintojen tulevaisuuteen \u2013 tule mukaan rakentamaan kest\u00e4v\u00e4\u00e4 kasvua ja kiertotalouden mukaisia hankintoja yhdess\u00e4 kone- ja laitetoimialan edell\u00e4k\u00e4vij\u00f6iden kanssa! Kest\u00e4v\u00e4 kasvu kiertotaloudella -ty\u00f6pajasarja tarjoaa yrityksille ja hankintayksik\u00f6ille mahdollisuuden kehitt\u00e4\u00e4 kiertotalousvalmiuksiaan, vahvistaa strategista johtamista ja innovoida uusia ratkaisuja muuttuville markkinoille. Ty\u00f6pajasarjassa: syvennyt\u00e4\u00e4n kiertotalouden mukaisiin tuote- ja palveluyhdistelmiin kartoitetaan nykyisi\u00e4 vaihtoehtoja ja suunnitellaan yhdess\u00e4 uusia toimintamalleja, jotka tuottavat lis\u00e4arvoa hankintayksik\u00f6ille, tarjoajille ja muille sidosryhmille. Kest\u00e4v\u00e4 kasvu kiertotaloudella -ty\u00f6pajasarja jakaantuu kahteen osaan. Ensimm\u00e4inen osa keskittyy kiertotalousosaamisen vahvistamiseen ja toinen osa tulevaisuuden yhteisen toimintaymp\u00e4rist\u00f6n muotoilemiseen. Osallistuminen on maksutonta. Kiertotalousvalmiudet vahvaksi \u2013 kolme valmentavaa ty\u00f6pajaa yrityksille ja hankintayksik\u00f6ille Tavoitteena on lis\u00e4t\u00e4 osallistuvien yritysten ja hankintayksik\u00f6iden kiertotalousosaamista, antaa valmiuksia toteuttaa ja suunnitella laite- ja konehankintoja nykyiset ja tulevaisuuden tarpeet huomioiden. Toteutukset 11.2., 26.3. ja 21.5.2026* Livetapaamispaikat Vantaa, Turku ja Jyv\u00e4skyl\u00e4* *Muutokset mahdollisia Lis\u00e4tietoja ja ilmoittautuminen Kiertotalousvalmiudet vahvaksi -sivulta. Lue lis\u00e4\u00e4! Kohti kiertotalouden mukaisia koneiden ja laitteiden markkinoita \u2013 avoimet yhteiskehitt\u00e4misen tilaisuudet syksyll\u00e4 2026 Tavoitteena on yhdess\u00e4 ideoida tulevaisuuden kone- ja laitemarkkinoiden hankintoja, tuotekehityst\u00e4 ja rakentaa polkua kohti kiertotalouden mukaisia julkisia hankintoja. Ty\u00f6pajat on tarkoitettu monipuolisesti kiertotalouden ja kest\u00e4v\u00e4n kehityksen asiantuntijoille sek\u00e4 kone- ja laitetoimialan yrityksille ja hankintayksik\u00f6ille. Yhteiskehitt\u00e4misen tilaisuuksien tuloksia hy\u00f6dynnet\u00e4\u00e4n tulevien kansallisten kiertotaloushankintakriteerien m\u00e4\u00e4rittelyss\u00e4. Toteutukset 3.9.2026 (verkossa) ja 3.11.2026 (paikka tarkentuu my\u00f6hemmin). Lis\u00e4tietoja ja ilmoittautuminen kev\u00e4\u00e4ll\u00e4 2026. Osallistuminen ei edellyt\u00e4 kiertotalousosaamista \u2013 mukaan voi tulla oppimaan ja kehitt\u00e4m\u00e4\u00e4n omaa ymm\u00e4rryst\u00e4. Kiertotalous ei ole vain ymp\u00e4rist\u00f6teko, vaan my\u00f6s strateginen etu. Kest\u00e4v\u00e4 kasvu kiertotaloudella -ty\u00f6pajasarja toteutetaan osana KIEHKURA-hanketta, jonka tavoitteena on edist\u00e4\u00e4 kone- ja laitealan siirtym\u00e4\u00e4 kiertotalouteen. Hankkeessa kehitet\u00e4\u00e4n ja pilotoidaan kiertotalouden mukaisia hankinta- ja liiketoimintamalleja sek\u00e4 edistet\u00e4\u00e4n yritysten ja hankintayksik\u00f6iden osaamista ja yhteisty\u00f6t\u00e4.","og_url":"https:\/\/kiehkura.fi\/en\/kestavakasvukiertotaloudella\/","og_site_name":"KIEHKURA","article_modified_time":"2025-11-18T13:23:36+00:00","twitter_card":"summary_large_image","twitter_misc":{"Estimated reading time":"2 minutes"},"schema":{"@context":"https:\/\/schema.org","@graph":[{"@type":"WebPage","@id":"https:\/\/kiehkura.fi\/kestavakasvukiertotaloudella\/","url":"https:\/\/kiehkura.fi\/kestavakasvukiertotaloudella\/","name":"Kest\u00e4v\u00e4 kasvu kiertotaloudella - KIEHKURA","isPartOf":{"@id":"https:\/\/kiehkura.fi\/#website"},"datePublished":"2025-11-12T13:33:16+00:00","dateModified":"2025-11-18T13:23:36+00:00","breadcrumb":{"@id":"https:\/\/kiehkura.fi\/kestavakasvukiertotaloudella\/#breadcrumb"},"inLanguage":"en-GB","potentialAction":[{"@type":"ReadAction","target":["https:\/\/kiehkura.fi\/kestavakasvukiertotaloudella\/"]}]},{"@type":"BreadcrumbList","@id":"https:\/\/kiehkura.fi\/kestavakasvukiertotaloudella\/#breadcrumb","itemListElement":[{"@type":"ListItem","position":1,"name":"Etusivu","item":"https:\/\/kiehkura.fi\/"},{"@type":"ListItem","position":2,"name":"Kest\u00e4v\u00e4 kasvu kiertotaloudella"}]},{"@type":"WebSite","@id":"https:\/\/kiehkura.fi\/#website","url":"https:\/\/kiehkura.fi\/","name":"KIEHKURA","description":"KIEHKURA \u2013 Julkiset hankinnat kest\u00e4v\u00e4n tuotekehityksen ja kiertotalousmarkkinoiden ajurina","publisher":{"@id":"https:\/\/kiehkura.fi\/#organization"},"potentialAction":[{"@type":"SearchAction","target":{"@type":"EntryPoint","urlTemplate":"https:\/\/kiehkura.fi\/?s={search_term_string}"},"query-input":{"@type":"PropertyValueSpecification","valueRequired":true,"valueName":"search_term_string"}}],"inLanguage":"en-GB"},{"@type":"Organization","@id":"https:\/\/kiehkura.fi\/#organization","name":"KIEHKURA","url":"https:\/\/kiehkura.fi\/","logo":{"@type":"ImageObject","inLanguage":"en-GB","@id":"https:\/\/kiehkura.fi\/#\/schema\/logo\/image\/","url":"https:\/\/kiehkura.fi\/wp-content\/uploads\/2025\/05\/250822_Kiehkura_logo_tumma-scaled.png","contentUrl":"https:\/\/kiehkura.fi\/wp-content\/uploads\/2025\/05\/250822_Kiehkura_logo_tumma-scaled.png","width":2560,"height":512,"caption":"KIEHKURA"},"image":{"@id":"https:\/\/kiehkura.fi\/#\/schema\/logo\/image\/"}}]}},"_links":{"self":[{"href":"https:\/\/kiehkura.fi\/en\/wp-json\/wp\/v2\/pages\/2336","targetHints":{"allow":["GET"]}}],"collection":[{"href":"https:\/\/kiehkura.fi\/en\/wp-json\/wp\/v2\/pages"}],"about":[{"href":"https:\/\/kiehkura.fi\/en\/wp-json\/wp\/v2\/types\/page"}],"author":[{"embeddable":true,"href":"https:\/\/kiehkura.fi\/en\/wp-json\/wp\/v2\/users\/3"}],"replies":[{"embeddable":true,"href":"https:\/\/kiehkura.fi\/en\/wp-json\/wp\/v2\/comments?post=2336"}],"version-history":[{"count":38,"href":"https:\/\/kiehkura.fi\/en\/wp-json\/wp\/v2\/pages\/2336\/revisions"}],"predecessor-version":[{"id":2434,"href":"https:\/\/kiehkura.fi\/en\/wp-json\/wp\/v2\/pages\/2336\/revisions\/2434"}],"wp:attachment":[{"href":"https:\/\/kiehkura.fi\/en\/wp-json\/wp\/v2\/media?parent=2336"}],"curies":[{"name":"wp","href":"https:\/\/api.w.org\/{rel}","templated":true}]}}